{"id":812,"date":"2018-02-20T17:48:29","date_gmt":"2018-02-20T23:48:29","guid":{"rendered":"http:\/\/pruebadeadn.mx\/medicamovil\/prueba-de-paternidad-preanatal-copy\/"},"modified":"2024-05-30T13:12:09","modified_gmt":"2024-05-30T19:12:09","slug":"informes","status":"publish","type":"page","link":"https:\/\/pruebadeadn.mx\/medicamovil\/informes\/","title":{"rendered":"Informes"},"content":{"rendered":"\n\t\t<h3>Ll\u00e1manos al: 01 (55) 5559-1624<\/h3>\t\t\t\n\t\t\t<h3>Horario: LUN a VIE 9:00 &#8211; 20:00 hrs. SAB 9:00 &#8211; 14:00 hrs.<\/h3>\t\t\t\t\n\t<h1>\n\t\t\t\tPrueba de paternidad\n\t\t\t<\/h1>\n\t\t<p>Segura, confiable y confidencial<\/p>\t\n\t\t\t\t<img decoding=\"async\" src=\"http:\/\/pruebadeadn.mx\/medicamovil\/wp-content\/uploads\/2018\/02\/PortadaInformes.jpg\" alt=\"PortadaInformes\" itemprop=\"image\" title=\"PortadaInformes\" onerror=\"this.style.display='none'\"  \/>\n<h3>\n\t\tLa muestra en saliva\n\t<\/h3>\nPodemos realizar la prueba de paternidad con distintos tipos de muestras; las m\u00e1s\u00a0sencillas de tomar son las de saliva, que al mismo tiempo ofrecen los \u00edndices m\u00e1s altos de efectividad. La muestra se realiza para obtener el 99.99% en positivo y el 100% en negativo.\u00a0\n\t\t<h2>Muestra en saliva<\/h2>\t\t\t\n\t\t\t\t<p>Se toman con hisopos est\u00e9riles y se toman por cuadruplicado, es un procedimiento muy simple, es recomendable tener la boca previamente aseada y enjuagada con agua simple, deber\u00e1\u00a0esperar cuando menos 20 minutos para poder proceder a la toma de su muestra.<\/p>\n\t<h2>\n\t\t\t\tTe ofrecemos una prueba 100% segura y confiable\n\t\t\t<\/h2>\n\t\t<p>La muestra se realiza en sangre o saliva para obtener el 99.99% en positivo y 100% en negativo.<\/p>\t\n\t<h2>\n\t\t\t\t\u00bfD\u00f3nde realizar las pruebas?\n\t\t\t<\/h2>\n<h2>\n\t\tA domicilio en CDMX\n\t<\/h2>\n\t<p>Solicita nuestro servicio a domicilio y una de nuestras especialistas acudir\u00e1 directamente a tu casa u oficina a tomar la muestra. <\/p>\n\t\t\t<a href=\"#contactForm\" target=\"_self\" role=\"button\" rel=\"noopener\">\n\t\t\t\t\t\t\t\u00a1Solicitar cita!\n\t\t<\/a>\n<h2>\n\t\tEn nuestro laboratorio CDMX\n\t<\/h2>\n\t<p>Av. Coyoac\u00e1n 1878, int. 102.<\/p>\n<p>Col. Del Valle,<\/p>\n<p>\u00a0Ciudad de M\u00e9xico.<\/p>\n\n\t\t\t<a href=\"#mapa\" target=\"_self\" role=\"button\" rel=\"noopener\">\n\t\t\t\t\t\t\tVer ubicaci\u00f3n\n\t\t<\/a>\n<h2>\n\t\tA domicilio a nivel nacional\n\t<\/h2>\n\t<p>Solicita tu kit para tomar la muestra por t\u00fa mismo. Incluye material e instrucciones de uso. \u00a1Hacemos env\u00edos a todo el pa\u00eds!<\/p>\n\t\t\t<a href=\"#\" target=\"_self\" role=\"button\" rel=\"noopener\">\n\t\t\t\t\t\t\t\u00a1Solicitar Kit!\n\t\t<\/a>\n<h1>\n\t\tKIT Prueba de ADN\n\t<\/h1>\n<h3>\n\t\tPATERNIDAD- Supuesto Padre, Hijo(a) y madre (opcional)\n\t<\/h3>\n<h3>\n\t\tOPCIONES DE COMPRA\u2013 Estudio Informativo.\n\t<\/h3>\n<h2>\n\t\tPago en 2 partes\n\t<\/h2>\n\t<ul>\n\t\t<li>\t\t\t\t\n\t\t<h3><\/h3 ><p>Primer pago de $500 pesos para poder recibir el KIT por mensajer\u00eda.\u00a0<\/p>\n<\/li><li>\t\t\t\t\n\t\t<h3><\/h3 ><p>Segundo pago de $4,000 pesos al enviar las muestras a nuestro laboratorio.\u00a0<\/p>\n<\/li><li>\t\t\t\t\n\t\t<h3><\/h3 ><p>Persona adicional: $2,500.\u00a0<\/p>\n<\/li>\t<\/ul>\n\t<center><form action=\"https:\/\/www.paypal.com\/cgi-bin\/webscr\" method=\"post\" target=\"_top\">\n<input type=\"hidden\" name=\"cmd\" value=\"_s-xclick\">\n<input type=\"hidden\" name=\"hosted_button_id\" value=\"LKS3EXLXCHD9N\">\n<input type=\"image\" src=\"https:\/\/www.paypalobjects.com\/es_XC\/MX\/i\/btn\/btn_buynowCC_LG.gif\" border=\"0\" name=\"submit\" alt=\"PayPal, la forma m\u00e1s segura y r\u00e1pida de pagar en l\u00ednea.\">\n<img decoding=\"async\" loading=\"lazy\" alt=\"\" border=\"0\" src=\"https:\/\/www.paypalobjects.com\/es_XC\/i\/scr\/pixel.gif\" width=\"1\" height=\"1\">\n<\/form><\/center>\n<h4>\n\t\tEn el caso que se requiera que participen m\u00e1s hijos(as) o supuestos padres adicionales, se cobrar\u00e1n $1,750.00 por persona adicional (Muestras enviadas en el mismo evento).\n\t<\/h4>\n<h2>Kit para prueba de ADN en saliva<\/h2>\n<h2>En tu domicilio<\/h2>\n\t<form action=\"https:\/\/www.paypal.com\/cgi-bin\/webscr\" method=\"post\" target=\"_top\">\n<input type=\"hidden\" name=\"cmd\" value=\"_s-xclick\">\n<input type=\"hidden\" name=\"hosted_button_id\" value=\"LKS3EXLXCHD9N\">\n<input type=\"image\" src=\"https:\/\/www.paypalobjects.com\/es_XC\/MX\/i\/btn\/btn_buynowCC_LG.gif\" border=\"0\" name=\"submit\" alt=\"PayPal, la forma m\u00e1s segura y r\u00e1pida de pagar en l\u00ednea.\">\n<img decoding=\"async\" loading=\"lazy\" alt=\"\" border=\"0\" src=\"https:\/\/www.paypalobjects.com\/es_XC\/i\/scr\/pixel.gif\" width=\"1\" height=\"1\">\n<\/form>\n\t<p>Todos nuestros pagos los realizamos a trav\u00e9s de Paypal, una empresa mundialmente reconocida por el manejo seguro de datos.<\/p>\n\t<p>Al momento de recibir tu pago te enviamos el kit con todo lo necesario para que puedas realizar la prueba desde la comodidad de tu hogar.<\/p>\n\t<p>Todos nuestros kits incluyen un instructivo que te guiar\u00e1 paso a paso para la toma de muestra de ADN.<\/p>\n\t<h2>\n\t\t\t\t\u00bfC\u00f3mo tomar la muestra en tu casa u oficina?\n\t\t\t<\/h2>\n\t\t\t<iframe loading=\"lazy\" src=\"https:\/\/player.vimeo.com\/video\/209509921\" width=\"640\" height=\"360\" frameborder=\"0\" webkitallowfullscreen mozallowfullscreen allowfullscreen><\/iframe>\t\t\t\n\t\t\t<a href=\"void(0)\" target=\"_self\" rel=\"noopener\">\n\t\t\t\t\t\t\t\t\t\t\tVER VIDEO\n\t\t<\/a>\n\t<h2>\n\t\t\t\t\u00bfQu\u00e9 incluye el kit?\n\t\t\t<\/h2>\n\t<ul>\n\t\t<li>\t\t\t\t\n\t\t<h3><\/h3 ><p>Material especial para la toma de muestras.<\/p><\/li><li>\t\t\t\t\n\t\t<h3><\/h3 ><p>An\u00e1lisis de los involucrados seg\u00fan la opci\u00f3n solicitada.<\/p><\/li><li>\t\t\t\t\n\t\t<h3><\/h3 ><p>Muestras en saliva (barrido bucal)<\/p><\/li><li>\t\t\t\t\n\t\t<h3><\/h3 ><p>Env\u00edo v\u00eda Estafeta<\/p><\/li><li>\t\t\t\t\n\t\t<h3><\/h3 ><p>Entrega de resultados v\u00eda correo electr\u00f3nico en 10 d\u00edas h\u00e1biles*<\/p><\/li>\t<\/ul>\n\t\t\t\t<img decoding=\"async\" src=\"http:\/\/pruebadeadn.mx\/medicamovil\/wp-content\/uploads\/2018\/02\/Doctor.jpg\" alt=\"Confident female doctor at office desk\" itemprop=\"image\" title=\"Doctor\" onerror=\"this.style.display='none'\"  \/>\n\t<h2>\n\t\t\t\tEntrega de resultados\n\t\t\t<\/h2>\n<h5>\n\t\tOfrecemos la entrega de resultados en 5 a 10 d\u00edas h\u00e1biles (muestras en saliva), pagando el servicio de urgencia, contando a partir de que se notifica la recepci\u00f3n de muestras en nuestro laboratorio. S\u00f3lo aplica si el estudio se encuentre pagado en su totalidad.\n\t<\/h5>\n<h3>\n\t\tMuestras Especiales\n\t<\/h3>\nTambi\u00e9n se puede realizar la prueba de ADN con <strong>muestras alternativas<\/strong>, como las siguientes. En estos casos el tiempo de proceso y el precio incrementa. El costo adicional es de<strong> $2,500 pesos por cada muestra<\/strong> que sea distinta a saliva.\u00a0\n<h3>\n\t\tConsulta cu\u00e1les son las muestras alternativas\n\t<\/h3>\n\t\t\t<a href=\"https:\/\/pruebadeadn.mx\/medicamovil\/wp-content\/uploads\/2024\/02\/muestras-alternativas-2024.pdf\" target=\"_blank\" rel=\"noopener\" role=\"button\">\n\t\t\t\t\t\t\tAQU\u00cd\n\t\t<\/a>\n\t<h2>\n\t\t\t\tFormas de pago\n\t\t\t<\/h2>\n\t\t\t\t<img decoding=\"async\" src=\"http:\/\/pruebadeadn.mx\/medicamovil\/wp-content\/uploads\/2018\/02\/tiposDePago.png\" alt=\"tiposDePago\" itemprop=\"image\" title=\"tiposDePago\" onerror=\"this.style.display='none'\"  \/>\n\t<h2>\n\t\t\t\tDatos bancarios para dep\u00f3sito\n\t\t\t<\/h2>\n\t\t\t\t\t\t<h4>Banamex<\/h4>\nM\u00e9dica M\u00f3vil del Valle S.A. de C.V.\nCuenta: 563820\nSucursal: 7004\nCLABE: 002180700405638208\n\t\t\t\t\t\t<h4>Banco Famsa<\/h4>\nM\u00e9dica M\u00f3vil del Valle S.A. de C.V.\nCuenta: 2082993\nSucursal: 215\nCLABE: 131180000020829937\n<h5>\n\t\tUna vez realizado tu pago, favor de enviar imagen del comprobante a: info@pruebadeadn.mx\n\t<\/h5>\n<h4>\n\t\t\u00bfDudas?\n\t<\/h4>\n\t<p>Si tienes alguna duda durante el proceso puedes contactarnos a trav\u00e9s del siguiente <strong>formulario<\/strong>,\u00a0v\u00eda <strong>correo\u00a0electr\u00f3nico<\/strong> o por<b> tel\u00e9fono<\/b>.<\/p>\n<p>&nbsp;<\/p>\n<p>Av. Coyoac\u00e1n 1878, int. 102,\u00a0Col. Del Valle,\u00a0Ciudad de M\u00e9xico.<\/p>\n<p>Tel: <a href=\"tel:5555591624\">(55)55591624<\/a><\/p>\n<p><a href=\"mailto:info@pruebadeadn.mx\">info@pruebadeadn.mx<\/a><\/p>\n\t<iframe src=\"https:\/\/www.google.com\/maps\/embed\/v1\/place?q=Av.+Coyoac%C3%A1n+1878&#038;key=AIzaSyD09zQ9PNDNNy9TadMuzRV_UsPUoWKntt8\"><\/iframe>\n\t<h5>\n\t\t\t\tRecuerda que estamos comprometidos con la protecci\u00f3n y\u00a0privacidad de todos los datos que recibimos.\u00a0\n\t\t\t<\/h5>\n\t<div role=\"form\" class=\"wpcf7\" id=\"wpcf7-f49-o1\" lang=\"en-US\" dir=\"ltr\">\n<div class=\"screen-reader-response\"><\/div>\n<form action=\"\/medicamovil\/wp-json\/wp\/v2\/pages\/812#wpcf7-f49-o1\" method=\"post\" class=\"wpcf7-form\" novalidate=\"novalidate\">\n<div style=\"display: none;\">\n<input type=\"hidden\" name=\"_wpcf7\" value=\"49\" \/>\n<input type=\"hidden\" name=\"_wpcf7_version\" value=\"5.1.1\" \/>\n<input type=\"hidden\" name=\"_wpcf7_locale\" value=\"en_US\" \/>\n<input type=\"hidden\" name=\"_wpcf7_unit_tag\" value=\"wpcf7-f49-o1\" \/>\n<input type=\"hidden\" name=\"_wpcf7_container_post\" value=\"0\" \/>\n<input type=\"hidden\" name=\"g-recaptcha-response\" value=\"\" \/>\n<\/div>\n<p>Tu nombre<br \/>\n<span class=\"wpcf7-form-control-wrap your-name\"><input type=\"text\" name=\"your-name\" value=\"\" size=\"40\" class=\"wpcf7-form-control wpcf7-text wpcf7-validates-as-required\" aria-required=\"true\" aria-invalid=\"false\" \/><\/span> <\/p>\n<p>Tu e-mail<br \/>\n    <span class=\"wpcf7-form-control-wrap your-email\"><input type=\"email\" name=\"your-email\" value=\"\" size=\"40\" class=\"wpcf7-form-control wpcf7-text wpcf7-email wpcf7-validates-as-required wpcf7-validates-as-email\" aria-required=\"true\" aria-invalid=\"false\" \/><\/span> <\/p>\n<p>Tu tel\u00e9fono<br \/>\n    <span class=\"wpcf7-form-control-wrap tel\"><input type=\"tel\" name=\"tel\" value=\"\" size=\"40\" class=\"wpcf7-form-control wpcf7-text wpcf7-tel wpcf7-validates-as-tel\" aria-invalid=\"false\" \/><\/span> <\/p>\n<p>Comentarios<br \/>\n<span class=\"wpcf7-form-control-wrap Comentarios\"><textarea name=\"Comentarios\" cols=\"40\" rows=\"10\" class=\"wpcf7-form-control wpcf7-textarea\" aria-invalid=\"false\"><\/textarea><\/span> <\/p>\n<p><input type=\"submit\" value=\"Pide tu cita ahora\" class=\"wpcf7-form-control wpcf7-submit button\" \/><\/p>\n<div class=\"wpcf7-response-output wpcf7-display-none\"><\/div><\/form><\/div>\n<a href=\"http:\/\/pruebadeadn.mx\/medicamovil\/main\/\" target=\"_top\" rel=\"noopener\">\n\t    INICIO\t<\/a>","protected":false},"excerpt":{"rendered":"<p>Ll\u00e1manos al: 01 (55) 5559-1624 Horario: LUN a VIE 9:00 &#8211; 20:00 hrs. SAB 9:00 &#8211; 14:00 hrs. Prueba de paternidad Segura, confiable y confidencial La muestra en saliva Podemos realizar la prueba de paternidad con distintos tipos de muestras; las m\u00e1s\u00a0sencillas de tomar son las de saliva, que al mismo tiempo ofrecen los \u00edndices <a class=\"moretag\" href=\"https:\/\/pruebadeadn.mx\/medicamovil\/informes\/\">Read More &#8230;<\/a><\/p>\n","protected":false},"author":1,"featured_media":0,"parent":0,"menu_order":0,"comment_status":"closed","ping_status":"closed","template":"full-width-page.php","meta":{"spay_email":""},"jetpack_sharing_enabled":true,"_links":{"self":[{"href":"https:\/\/pruebadeadn.mx\/medicamovil\/wp-json\/wp\/v2\/pages\/812"}],"collection":[{"href":"https:\/\/pruebadeadn.mx\/medicamovil\/wp-json\/wp\/v2\/pages"}],"about":[{"href":"https:\/\/pruebadeadn.mx\/medicamovil\/wp-json\/wp\/v2\/types\/page"}],"author":[{"embeddable":true,"href":"https:\/\/pruebadeadn.mx\/medicamovil\/wp-json\/wp\/v2\/users\/1"}],"replies":[{"embeddable":true,"href":"https:\/\/pruebadeadn.mx\/medicamovil\/wp-json\/wp\/v2\/comments?post=812"}],"version-history":[{"count":29,"href":"https:\/\/pruebadeadn.mx\/medicamovil\/wp-json\/wp\/v2\/pages\/812\/revisions"}],"predecessor-version":[{"id":951,"href":"https:\/\/pruebadeadn.mx\/medicamovil\/wp-json\/wp\/v2\/pages\/812\/revisions\/951"}],"wp:attachment":[{"href":"https:\/\/pruebadeadn.mx\/medicamovil\/wp-json\/wp\/v2\/media?parent=812"}],"curies":[{"name":"wp","href":"https:\/\/api.w.org\/{rel}","templated":true}]}}